{"id":5228,"date":"2014-06-16T15:11:59","date_gmt":"2014-06-16T13:11:59","guid":{"rendered":"http:\/\/filosofiska.websign.se\/?page_id=5228"},"modified":"2023-10-28T15:11:55","modified_gmt":"2023-10-28T14:11:55","slug":"bra-att-veta","status":"publish","type":"page","link":"http:\/\/www.filosofiska.nu\/filosofiska\/bra-att-veta\/","title":{"rendered":"Bra att veta"},"content":{"rendered":"\n<p><\/p>\n\n\n\n<h4 class=\"wp-block-heading\">Klagom\u00e5lshantering<\/h4>\n\n\n\n<p>Om Du som f\u00f6r\u00e4lder har klagom\u00e5l p\u00e5 f\u00f6rskolan Filosofiskas verksamhet anv\u00e4nds nedanst\u00e5ende arbetsg\u00e5ng.<\/p>\n\n\n\n<h5 class=\"wp-block-heading\">Steg 1<\/h5>\n\n\n\n<p>P\u00e5 v\u00e5r f\u00f6rskola vill vi uppmuntra till att synpunkter\/klagom\u00e5l p\u00e5 verksamheten eller dess personal tas upp direkt med den det ber\u00f6r. Klagom\u00e5l som r\u00f6r barnets vardag p\u00e5 f\u00f6rskolan l\u00e4mnas i f\u00f6rsta hand till personalen som arbetar med barnet.<br>Om Du efter kontakt med personalen fortfarande har klagom\u00e5l, ta d\u00e5 kontakt med f\u00f6rskoll\u00e4raren som har hand om den grupp som ditt barn tillh\u00f6r. Detta kan Du givetvis ocks\u00e5 g\u00f6ra om Du av n\u00e5gon anledning inte personligen vill kontakta den problemet ber\u00f6r.<\/p>\n\n\n\n<h5 class=\"wp-block-heading\">Steg 2<\/h5>\n\n\n\n<p>F\u00f6rskoll\u00e4raren tar emot ditt klagom\u00e5l och tar sedan kontakt med ber\u00f6rd personal f\u00f6r att f\u00e5 deras perspektiv p\u00e5 \u00e4rendet. Det \u00e4r f\u00f6rskoll\u00e4rarens ansvar att se till att uppf\u00f6ljning genomf\u00f6rs inom 14 dagar.<\/p>\n\n\n\n<h5 class=\"wp-block-heading\">Steg 3<\/h5>\n\n\n\n<p>Om du fortfarande inte \u00e4r n\u00f6jd efter steg 2, b\u00f6r du kontakta rektorn. F\u00f6r n\u00e4rvarande \u00e4r det Hannah Andersson som innehar den positionen, och du kan n\u00e5 henne p\u00e5 telefonnummer 070-965 84 21 eller p\u00e5 mejladressen hannah.andersson@filosofiska.nu.<\/p>\n\n\n\n<p>Rektorn kallar i sin tur samtliga ber\u00f6rda till samtal.<\/p>\n\n\n\n<p>Samtliga samtal dokumenteras.<\/p>\n\n\n\n<h5 class=\"wp-block-heading\">Steg 4<\/h5>\n\n\n\n<p>Om du inte k\u00e4nner dig n\u00f6jd efter steg 3 och vill g\u00e5 vidare med fr\u00e5gan, kan du ta kontakt med huvudmannen f\u00f6r Filosofiska, Dick Holmgren,  som kan n\u00e5s p\u00e5 telefonnummer 070\u00a0573 86 03 eller p\u00e5 mejladressen <a href=\"mailto:dick.holmgren@filosofiska.nu\">dick.holmgren@filosofiska.nu<\/a>.<\/p>\n\n\n\n<h4 class=\"wp-block-heading\">Utvecklingssamtal<\/h4>\n\n\n\n<p>Vi erbjuder ett utvecklingssamtal per termin.<\/p>\n\n\n\n<h4 class=\"wp-block-heading\">\u00d6vriga samtalstider med personalen<\/h4>\n\n\n\n<p>Ni kan alltid vid behov boka ett samtal med personalen ut\u00f6ver uppf\u00f6ljnings- och utvecklingssamtalen. Detta \u00e4r oftast ett b\u00e4ttre s\u00e4tt att g\u00f6ra ist\u00e4llet f\u00f6r att \u201dprata \u00f6ver huvudet p\u00e5 barnet\u201d.<\/p>\n\n\n\n<h4 class=\"wp-block-heading\">F\u00f6delsedagsfirande p\u00e5 f\u00f6rskolan<\/h4>\n\n\n\n<p>Enligt Livsmedelsverkets rekommendationer b\u00f6r vi vara restriktiva med att servera s\u00f6tsaker p\u00e5 f\u00f6rskolan. N\u00e4r ett barn fyller \u00e5r s\u00e5 firar vi det med att servera god frukt vackert upplagt p\u00e5 ett fat.<\/p>\n\n\n\n<p>Inbjudningar till f\u00f6delsedagskalas sk\u00f6ts privat, dvs. ni kan inte l\u00e4gga inbjudningskort p\u00e5 barnens hyllor om inte alla barn i gruppen \u00e4r inbjudna.<\/p>\n\n\n\n<h4 class=\"wp-block-heading\">Sekretess och anm\u00e4lningsplikt<\/h4>\n\n\n\n<p>Personal som arbetar inom f\u00f6rskolan har tystnadsplikt. Misst\u00e4nker man att ett barn far illa bryts tystnadsplikten d\u00e5 f\u00f6rskolans personal har anm\u00e4lningsplikt.<\/p>\n\n\n\n<h4 class=\"wp-block-heading\">M\u00e4rka kl\u00e4der<\/h4>\n\n\n\n<p>M\u00e4rk g\u00e4rna alla barnens kl\u00e4der, skor och st\u00f6vlar f\u00f6r att underl\u00e4tta att de hamnar p\u00e5 r\u00e4tt plats. Ta ocks\u00e5 med tillr\u00e4ckligt med extrakl\u00e4der. Det sker ofta sm\u00e5 miss\u00f6den vilket g\u00f6r att barnen m\u00e5ste byta kl\u00e4der. F\u00f6rskolan har endast ett begr\u00e4nsat antal extrakl\u00e4der.<\/p>\n\n\n\n<h4 class=\"wp-block-heading\">Ute varje dag<\/h4>\n\n\n\n<p>Vi g\u00e5r ut med barngruppen&nbsp;<strong>varje<\/strong>&nbsp;dag. D\u00e4rf\u00f6r beh\u00f6vs \u00e4ndam\u00e5lsenliga kl\u00e4der: vind- och vattent\u00e4ta ytterkl\u00e4der och st\u00f6vlar, regnbyxor, vattent\u00e5liga vantar \u00e4r exempel p\u00e5 praktiska plagg som kan komma beh\u00f6vas under kalla o v\u00e5ta dagar.<\/p>\n\n\n\n<h4 class=\"wp-block-heading\">N\u00e4r ska barnet vara hemma?<\/h4>\n\n\n\n<p>Huvudprincipen \u00e4r barnets allm\u00e4ntillst\u00e5nd s\u00e5 som det visar sig i f\u00f6rskolans verksamhet.<\/p>\n\n\n\n<p>Ett gott allm\u00e4ntillst\u00e5nd inneb\u00e4r att:<\/p>\n\n\n\n<ul class=\"wp-block-list\">\n<li>Barnet orkar delta i f\u00f6rskolans verksamhet vilket kan inneb\u00e4ra l\u00e5ng vistelse utomhus.<\/li>\n\n\n\n<li>Barnet \u00e4r feberfritt utan feberneds\u00e4ttande medel.<\/li>\n\n\n\n<li>Barnet klarar normalkost.<\/li>\n<\/ul>\n\n\n\n<h4 class=\"wp-block-heading\">N\u00e4r kan barnet komma tillbaka efter sjukdom?<\/h4>\n\n\n\n<ul class=\"wp-block-list\">\n<li>En tumregel \u00e4r att barnet har haft ett feberfritt dygn hemma och att allm\u00e4ntillst\u00e5ndet till\u00e5ter att barnet \u00e5terv\u00e4nder till f\u00f6rskolan.<\/li>\n\n\n\n<li>\u00c4ter barnet antibiotika ska barnet vara hemma tv\u00e5 dygn efter det att kuren startat. F\u00f6r\u00e4ldrarna ansvarar sj\u00e4lva f\u00f6r medicineringen av sitt barn. Fr\u00e5ga l\u00e4karen efter preparat som ges morgon och\/eller kv\u00e4ll i hemmet.<\/li>\n\n\n\n<li>Har barnet drabbats av maginfluensa ska det vara symptomfri och besv\u00e4rsfri 48 timmar innan barnet kommer tillbaka till f\u00f6rskolan. Barnet ska d\u00e5 ha \u00e4tit normal kost samt haft normal avf\u00f6ring.<\/li>\n\n\n\n<li>Har barnet streptokockerinfektion ska det stanna hemma minst 2 dygn med antibiotikabehandling. Streptokocker orsakar halsfluss, scharlakansfeber samt impetigo (svinkoppor)<\/li>\n<\/ul>\n\n\n\n<h4 class=\"wp-block-heading\">Om barnet blir sjuk under f\u00f6rskoletid, hur g\u00f6r vi d\u00e5?<\/h4>\n\n\n\n<p>Om barnet blir sjukt under dagen, s\u00e5 ringer vi till er f\u00f6r\u00e4ldrar. D\u00e5 ska ni h\u00e4mta barnet s\u00e5 fort som m\u00f6jligt. Om ni skulle befinna er n\u00e5gon annanstans \u00e4n p\u00e5 ert arbete \u00e4r det viktigt att ni meddelar personalen. Det \u00e4r ytterst viktigt att vi under dagen kan f\u00e5 tag p\u00e5 er.<\/p>\n\n\n\n<h4 class=\"wp-block-heading\">Medicinering p\u00e5 f\u00f6rskolan<\/h4>\n\n\n\n<p>Vi medicinerar barn f\u00f6r livshotande sjukdomar och vid kroniska sjukdomar s\u00e5som astma, allergier eller diabetes.<\/p>\n\n\n\n<h4 class=\"wp-block-heading\">Att t\u00e4nka p\u00e5<\/h4>\n\n\n\n<ul class=\"wp-block-list\">\n<li>Barnet har med sig kl\u00e4der som klarar l\u00e4ngre utomhusvistelse. N\u00e4r de \u00e4r ute h\u00e5ller sig barnen l\u00e4ttare friska och smittar mindre.<\/li>\n\n\n\n<li>Inte vara f\u00f6r snabb med att l\u00e5ta barnet komma tillbaka till f\u00f6rskolan efter f\u00f6rkylning och feber. \u00c4ven om barnet verkar piggt hemma kan det bli tr\u00f6ttare fortare p\u00e5 f\u00f6rskolan d\u00e4r tempot \u00e4r ett annat. Barnet kan d\u00e5 l\u00e4ttare f\u00e5 ett nytt virus.<\/li>\n\n\n\n<li>Barnet ska tv\u00e4tta sig f\u00f6re maten och n\u00e4r det varit p\u00e5 toaletten. Det \u00e4r ocks\u00e5 viktigt att personalen anv\u00e4nder tv\u00e4ttsprit och att de byter underl\u00e4gg p\u00e5 sk\u00f6tbordet vid bl\u00f6jbyten.<\/li>\n<\/ul>\n\n\n\n<h4 class=\"wp-block-heading\">N\u00e4rvarotider<\/h4>\n\n\n\n<p>Vi har \u00f6ppet enligt v\u00e5ra familjers behov \u2013 dock som l\u00e4ngst mellan 06.30 och 18.30&nbsp;<em>(enligt Stockholms stad regelverk)<\/em>.<\/p>\n\n\n\n<p>Vi l\u00e4gger personalens schema efter barnantalet och barnens tider. F\u00f6r att detta ska bli s\u00e5 effektivt som m\u00f6jligt ber vi er l\u00e4mna in barnets n\u00e4rvarotider, \u00e4ndras dessa s\u00e5 meddela detta snarast.<\/p>\n\n\n\n<h4 class=\"wp-block-heading\">Vistelsetid f\u00f6r barn som har arbetss\u00f6kande eller f\u00f6r\u00e4ldraledig f\u00f6r\u00e4lder<\/h4>\n\n\n\n<p>Om ni \u00e4r f\u00f6r\u00e4ldraledig med yngre syskon s\u00e5 har barnet r\u00e4tt att f\u00e5 vara p\u00e5 f\u00f6rskolan 30 timmar per vecka. Ett kontrakt om barnets vistelsetid skrivs. F\u00f6r f\u00f6r\u00e4ldraledig g\u00e4ller det fr.o.m en m\u00e5nad efter f\u00f6delsen av det nya syskonet. Syftet med att \u00e4ldre syskon f\u00e5r beh\u00e5lla sin f\u00f6rskoleplats n\u00e4r man f\u00e5r syskon \u00e4r att de ska f\u00e5 delta i pedagogisk verksamhet och beh\u00e5lla sina v\u00e4nskapsrelationer.<\/p>\n\n\n\n<p>Om ni \u00e4r arbetss\u00f6kande har ni r\u00e4tt till heltidsomsorg p\u00e5 f\u00f6rskolan.<\/p>\n\n\n\n<h4 class=\"wp-block-heading\">Planeringsdagar<\/h4>\n\n\n\n<p>F\u00f6rskolan har fyra planeringsdagar under \u00e5ret och d\u00e5 \u00e4r f\u00f6rskolan st\u00e4ngd. F\u00f6rskolan \u00e4r vid dessa tillf\u00e4llen skyldig att ordna med omsorg t ex genom att erbjuda en f\u00f6rskoleplats p\u00e5 en annan f\u00f6rskola.<\/p>\n\n\n\n<h4 class=\"wp-block-heading\">Arbetsplatstr\u00e4ffar<\/h4>\n\n\n\n<p>En g\u00e5ng i m\u00e5naden st\u00e4nger vi f\u00f6rskolan kl: 15.45 f\u00f6r att ha Apt (arbetsplatstr\u00e4ff). F\u00f6rskolan \u00e4r vid dessa tillf\u00e4llen skyldig att ordna med omsorg t.ex. genom att en vikarie kommer till f\u00f6rskolan.<\/p>\n\n\n\n<h4 class=\"wp-block-heading\">Sommarsemestern<\/h4>\n\n\n\n<p>F\u00f6rskolan \u00e4r vid dessa tillf\u00e4llen skyldig att ordna med omsorg t ex genom att erbjuda en f\u00f6rskoleplats p\u00e5 en annan f\u00f6rskola.<\/p>\n\n\n\n<h4 class=\"wp-block-heading\">Svinkoppor (impetigo)<\/h4>\n\n\n\n<p>Barnet kan f\u00e5 s\u00e5riga. Gula utslag runt n\u00e4sa och mun. Svinkoppor orsakas av gula stafylokocker och streptokocker. Sprids vid direktkontakt, leksaker och handdukar.<\/p>\n\n\n\n<h5 class=\"wp-block-heading\">S\u00e5 minskar du smittspridning:<\/h5>\n\n\n\n<p>Hudutslagen ska vara helt torra innan barnet g\u00e5r till f\u00f6rskolan. Att barnet tv\u00e4ttar h\u00e4nderna noga och \u00e4r ute mycket kan minska smittspridning.<\/p>\n\n\n\n<h4 class=\"wp-block-heading\">Streptokocker<\/h4>\n\n\n\n<p>Smittar l\u00e4tt genom direktkontakt och via leksaker med bakterier. Det \u00e4r vanligt att barnet f\u00e5r ont i halsen, feber och r\u00f6da utslag. Ibland f\u00e5r barnet s\u00e5r p\u00e5 huden. Allvarliga komplikationer kan uppst\u00e5 men det \u00e4r ovanligt. Streptokocker orsakar halsfluss och scharlakansfeber.<\/p>\n\n\n\n<h5 class=\"wp-block-heading\">S\u00e5 minskar du smittspridning:<\/h5>\n\n\n\n<p>Barnet b\u00f6r ha inlett sin antibiotikakur och \u00e4tit medicin i tv\u00e5 dagar innan det g\u00e5r tillbaka till f\u00f6rskolan igen, om allm\u00e4ntillst\u00e5ndet till\u00e5ter. L\u00e5t barnet var ute mycket, undvik storsamlingar och tv\u00e4tta leksaker som barnet stoppar i munnen.<\/p>\n\n\n\n<h4 class=\"wp-block-heading\">Springmask<\/h4>\n\n\n\n<p>Sm\u00e5 runda maskar som ger kl\u00e5da i \u00e4ndtarmen och ibland ocks\u00e5 i slidmynningen hos flickor. \u00c4r inte farligt. Barnet smittas genom att sv\u00e4lja \u00e4gg vilka kan \u00f6verleva i damm och textilier i ett par veckor. Det \u00e4r l\u00e4tt att barnet f\u00e5r infektionen p\u00e5 nytt n\u00e4r det kliar sig och sedan stoppar fingrarna i munnen.<\/p>\n\n\n\n<h5 class=\"wp-block-heading\">S\u00e5 minskar du smittspridning:<\/h5>\n\n\n\n<p>Var noga med att tv\u00e4tta h\u00e4nderna. Se till att barnets naglar \u00e4r korta. Duscha barnet varje dag. Tv\u00e4tta stj\u00e4rten noga med vatten men undvik tv\u00e5l. Byt kl\u00e4der och lakan ofta. Det finns medicin att k\u00f6pa receptfritt p\u00e5 apoteket. Det \u00e4r bra om barnet f\u00e5r en f\u00f6rsta dos medicin innan det g\u00e5r till f\u00f6rskolan. Barnet kan vara p\u00e5 f\u00f6rskolan om personalen k\u00e4nner till smittan.<\/p>\n\n\n\n<h4 class=\"wp-block-heading\">H\u00f6stbl\u00e5sor<\/h4>\n\n\n\n<p>Virusinfektion som kan ge bl\u00e5sor i munnen och ibland \u00e4ven p\u00e5 h\u00e4nder och f\u00f6tter. Epidemier intr\u00e4ffar med n\u00e5gra \u00e5rs mellanrum och smittorisken \u00e4r d\u00e5 stor. Barnet kan f\u00e5 sv\u00e5rt att \u00e4ta om det har bl\u00e5sor i munnen.<\/p>\n\n\n\n<h5 class=\"wp-block-heading\">S\u00e5 minskar du smittspridning:<\/h5>\n\n\n\n<p>Symtomen m\u00e4rks f\u00f6rst en tid efter att smittan spridits. Var noga med hygienen, tv\u00e4tta h\u00e4nderna regelbundet och undvik i m\u00f6jligaste m\u00e5n n\u00e4rkontakt med den smittade. L\u00e5t barnet vara hemma fr\u00e5n f\u00f6rskolan om det har feber och\/eller \u00e4r h\u00e4ngigt.<\/p>\n\n\n\n<h4 class=\"wp-block-heading\">Huvudl\u00f6ss<\/h4>\n\n\n\n<p>Beror inte p\u00e5 d\u00e5lig hygien. L\u00f6ssen \u00f6verf\u00f6rs fr\u00e5n ett barn till ett annat via kontakt huvud mot huvud. \u00c4ggen \u00e4r sv\u00e5ra att se. De beh\u00f6ver ett par veckor f\u00f6r att kl\u00e4ckas.<\/p>\n\n\n\n<h5 class=\"wp-block-heading\">S\u00e5 minskar du smittspridning:<\/h5>\n\n\n\n<p>P\u00e5 apoteket kan du k\u00f6pa en luskam. Anv\u00e4nd lusmedel som ocks\u00e5 finns att k\u00f6pa p\u00e5 apotek. T\u00e4nk p\u00e5 att bara den som har huvudl\u00f6ss ska behandlas. Anv\u00e4nd inte lusmedel i f\u00f6rebyggande syfte. Unders\u00f6k \u00f6vriga familjen om n\u00e5gon f\u00e5tt l\u00f6ss. Barnet kan g\u00e5 tillbaka till f\u00f6rskolan n\u00e4r det inte hittas n\u00e5gra \u00e4gg eller l\u00f6ss.<\/p>\n\n\n\n<h4 class=\"wp-block-heading\">Maginfluensa<\/h4>\n\n\n\n<p>Smittsam virussjukdom d\u00e4r barnet kan kr\u00e4kas, f\u00e5 diarr\u00e9 och ha ont i magen. Maginfluensa smittar genom utandningsluften, kontakt med andra och via mat. Det \u00e4r viktigt att ge barn tillr\u00e4ckligt med v\u00e4tska eftersom de snabbt kan bli uttorkade. Mata g\u00e4rna med sked ofta s\u00e5 blir det l\u00e4ttare f\u00f6r barnet att beh\u00e5lla v\u00e4tskan. Ger du v\u00e4tskeers\u00e4ttning beh\u00f6ver du inte l\u00e5ta det vara mer \u00e4n h\u00e4lften av vanligt v\u00e4tskeintag, annars finns det risk f\u00f6r rubbning i saltbalansen.<\/p>\n\n\n\n<h5 class=\"wp-block-heading\">S\u00e5 minskar du smittspridning:<\/h5>\n\n\n\n<p>Var noga med att tv\u00e4tta h\u00e4nderna efter toalettbes\u00f6k. Tv\u00e4tta h\u00e4nder och sk\u00f6tbord med tv\u00e4ttsprit vid bl\u00f6jbyte.<\/p>\n\n\n\n<h4 class=\"wp-block-heading\">F\u00f6rkylning<\/h4>\n\n\n\n<p>F\u00f6rkylning \u00e4r den vanligaste orsaken till att barn \u00e4r sjuka. Det finns ett flertal virus som orsakar f\u00f6rkylning. Smittar vid direktkontakt och genom luften. Att kyla orsakar f\u00f6rkylning \u00e4r en myt. N\u00e4r det \u00e4r kallt ute g\u00e5r vi inomhus och smittar varandra i d\u00e5ligt v\u00e4drade lokaler.<\/p>\n\n\n\n<h5 class=\"wp-block-heading\">S\u00e5 minskar du smittspridning:<\/h5>\n\n\n\n<p>F\u00f6rkylning \u00e4r sv\u00e5r att undvika eftersom den smittar n\u00e5gon dag innan den bryter ut. Att vara utomhus minskar risken. Barnet b\u00f6r vara hemma s\u00e5 l\u00e4nge det har feber. Det ska inte g\u00e5 till f\u00f6rskolan om det inte orkar med dagens aktiviteter.<\/p>\n","protected":false},"excerpt":{"rendered":"<p>Klagom\u00e5lshantering Om Du som f\u00f6r\u00e4lder har klagom\u00e5l p\u00e5 f\u00f6rskolan Filosofiskas verksamhet anv\u00e4nds nedanst\u00e5ende arbetsg\u00e5ng. Steg 1 P\u00e5 v\u00e5r f\u00f6rskola vill vi uppmuntra till att synpunkter\/klagom\u00e5l p\u00e5 verksamheten eller dess personal tas upp direkt med den det ber\u00f6r. Klagom\u00e5l som r\u00f6r barnets vardag p\u00e5 f\u00f6rskolan l\u00e4mnas i f\u00f6rsta hand till personalen som arbetar med barnet.Om Du [&hellip;]<\/p>\n","protected":false},"author":1,"featured_media":0,"parent":0,"menu_order":0,"comment_status":"closed","ping_status":"open","template":"faqs.php","meta":{"footnotes":""},"class_list":["post-5228","page","type-page","status-publish","hentry"],"_links":{"self":[{"href":"http:\/\/www.filosofiska.nu\/filosofiska\/wp-json\/wp\/v2\/pages\/5228","targetHints":{"allow":["GET"]}}],"collection":[{"href":"http:\/\/www.filosofiska.nu\/filosofiska\/wp-json\/wp\/v2\/pages"}],"about":[{"href":"http:\/\/www.filosofiska.nu\/filosofiska\/wp-json\/wp\/v2\/types\/page"}],"author":[{"embeddable":true,"href":"http:\/\/www.filosofiska.nu\/filosofiska\/wp-json\/wp\/v2\/users\/1"}],"replies":[{"embeddable":true,"href":"http:\/\/www.filosofiska.nu\/filosofiska\/wp-json\/wp\/v2\/comments?post=5228"}],"version-history":[{"count":13,"href":"http:\/\/www.filosofiska.nu\/filosofiska\/wp-json\/wp\/v2\/pages\/5228\/revisions"}],"predecessor-version":[{"id":9069,"href":"http:\/\/www.filosofiska.nu\/filosofiska\/wp-json\/wp\/v2\/pages\/5228\/revisions\/9069"}],"wp:attachment":[{"href":"http:\/\/www.filosofiska.nu\/filosofiska\/wp-json\/wp\/v2\/media?parent=5228"}],"curies":[{"name":"wp","href":"https:\/\/api.w.org\/{rel}","templated":true}]}}