{"id":5646,"date":"2014-06-17T14:00:36","date_gmt":"2014-06-17T12:00:36","guid":{"rendered":"http:\/\/filosofiska.websign.se\/?page_id=5646"},"modified":"2024-02-22T12:48:18","modified_gmt":"2024-02-22T11:48:18","slug":"nepal-2","status":"publish","type":"page","link":"http:\/\/www.filosofiska.nu\/filosofiska\/nepal-2\/","title":{"rendered":"Skola Nepal"},"content":{"rendered":"<h1 style=\"text-align: center;\">Nepal<\/h1>\n<p style=\"text-align: center;\"><div class=\"clearboth\"><\/div><div class=\"demo-sep sep-double\" style=\"margin-top:0px;margin-bottom:40px;\"><\/div>\n<p>I b\u00f6rjan av 2013 tog vi initiativet till en f\u00f6rskola\/skola i Nepal. Skolan fick namnet Filosofiska Nepal och den drivs organisatoriskt av en nepalesisk styrelse. P\u00e5 skolan g\u00e5r ca 60 barn fr\u00e5n mycket utsatta f\u00f6rh\u00e5llanden, vilka fullt ut finansieras av Filosofiska eller genom Filosofiskas fadderverksamhet. Ambitionen \u00e4r att vi ska ha ett utbyte mellan skolorna, den svenska och den i Nepal. Ur det samarbetet kan komma mycket l\u00e4rande f\u00f6r barnen i b\u00e5da l\u00e4nderna. Se bifogade aktivitetsrapporter.<\/p>\n<h2>Aktivitetsrapporter:<\/h2>\n<style type='text\/css'>\n\t#checklist-1 li:before{color:#af23dd !important; content:'\\f105' }\n\t<\/style>\n<ul>\n<li><a href=\"http:\/\/www.filosofiska.nu\/filosofiska\/wp-content\/uploads\/2024\/02\/Monthly-progress-Report-of-January-2024-1.pdf\">Januari 2024<\/a><\/li>\n<li><a href=\"http:\/\/www.filosofiska.nu\/filosofiska\/wp-content\/uploads\/2024\/02\/Monthly-progress-Report-of-November-2023-1.pdf\">November &amp; December 2023<\/a><\/li>\n<li><a href=\"http:\/\/www.filosofiska.nu\/filosofiska\/wp-content\/uploads\/2023\/12\/Monthly-progress-Report-of-October-2023-1-1.pdf\">October 2023<\/a><\/li>\n<li><a href=\"http:\/\/www.filosofiska.nu\/filosofiska\/wp-content\/uploads\/2023\/10\/Monthly-progress-Report-of-July-Aug-Sep-2023.pdf\">September 2023<\/a><\/li>\n<li><a href=\"http:\/\/www.filosofiska.nu\/filosofiska\/wp-content\/uploads\/2020\/12\/Monthly-Progress-Report-February-2020.docx\">February 2020<\/a><\/li>\n<li><a href=\"http:\/\/www.filosofiska.nu\/filosofiska\/wp-content\/uploads\/2020\/12\/Monthly-Progress-Report-January-2020.docx\">January 2020<\/a><\/li>\n<li><a href=\"http:\/\/www.filosofiska.nu\/filosofiska\/wp-content\/uploads\/2020\/12\/Monthly-Progress-Report-December-2019.docx\">December 2019<\/a><\/li>\n<li><a href=\"http:\/\/www.filosofiska.nu\/filosofiska\/wp-content\/uploads\/2020\/12\/Monthly-Progress-Report-November-2019.docx\">November 2019<\/a><\/li>\n<li>October 2019<\/li>\n<li>September 2019<\/li>\n<li><a href=\"http:\/\/www.filosofiska.nu\/filosofiska\/wp-content\/uploads\/2020\/12\/Monthly-Progress-Report-August-2019.docx\">August 2019<\/a><\/li>\n<li><a href=\"http:\/\/www.filosofiska.nu\/filosofiska\/wp-content\/uploads\/2020\/12\/Monthly-Progress-Report-July-2019.docx\">July 2019<\/a><\/li>\n<li><a href=\"http:\/\/www.filosofiska.nu\/filosofiska\/wp-content\/uploads\/2020\/12\/Monthly-Progress-Report-June-2019.docx\">June 2019<\/a><\/li>\n<li><span style=\"text-decoration: underline;\"><a href=\"http:\/\/www.filosofiska.nu\/filosofiska\/wp-content\/uploads\/2019\/10\/Monthly-Progress-Report-of-May-2019.docx\">May 2019<\/a><\/span><\/li>\n<li><span style=\"text-decoration: underline;\"><a href=\"http:\/\/www.filosofiska.nu\/filosofiska\/wp-content\/uploads\/2019\/10\/Monthly-Progress-Report-of-April-2019.docx\">April 2019<\/a><\/span><\/li>\n<li><span style=\"text-decoration: underline;\"><a href=\"http:\/\/www.filosofiska.nu\/filosofiska\/wp-content\/uploads\/2019\/10\/Monthly-Progress-Report-of-March-2019.docx\">March 2019<\/a><\/span><\/li>\n<li><span style=\"text-decoration: underline;\"><a href=\"http:\/\/www.filosofiska.nu\/filosofiska\/wp-content\/uploads\/2019\/10\/Monthly-Progress-Report-of-February-2019.docx\">February 2019<\/a><\/span><\/li>\n<li><span style=\"text-decoration: underline;\"><a href=\"http:\/\/www.filosofiska.nu\/filosofiska\/wp-content\/uploads\/2019\/10\/Monthly-Progress-Report-of-January-2019.docx\">January 2019<\/a><\/span><\/li>\n<li><span style=\"text-decoration: underline;\"><a href=\"http:\/\/www.filosofiska.nu\/filosofiska\/wp-content\/uploads\/2019\/10\/Monthly-Progress-Report-of-December-2018.docx\">December 2018<\/a><\/span><\/li>\n<li><span style=\"text-decoration: underline;\"><a href=\"http:\/\/www.filosofiska.nu\/filosofiska\/wp-content\/uploads\/2019\/01\/Monthly-Progress-Report-of-November-2018-002.docx\">November 2018<\/a><\/span><\/li>\n<li><span style=\"text-decoration: underline;\"><a href=\"http:\/\/www.filosofiska.nu\/filosofiska\/wp-content\/uploads\/2019\/01\/Monthly-Progress-Report-of-October-2018-002-1.docx\">October 2018<\/a><\/span><\/li>\n<li><span style=\"text-decoration: underline;\"><a href=\"http:\/\/www.filosofiska.nu\/filosofiska\/wp-content\/uploads\/2018\/11\/Monthly-Progress-Report-of-September-2018.docx\">September 2018<\/a><\/span><\/li>\n<li><span style=\"text-decoration: underline;\"><a href=\"http:\/\/www.filosofiska.nu\/filosofiska\/wp-content\/uploads\/2018\/11\/monthly-progress-report-of-August-2018.docx\">August 2018<\/a><\/span><\/li>\n<li><span style=\"text-decoration: underline;\"><a href=\"http:\/\/www.filosofiska.nu\/filosofiska\/wp-content\/uploads\/2018\/11\/Monthly-Progress-Report-of-July-2018.docx\">July 2018<\/a><\/span><\/li>\n<li><span style=\"text-decoration: underline;\"><a href=\"http:\/\/www.filosofiska.nu\/filosofiska\/wp-content\/uploads\/2018\/11\/Monthly-Progress-Report-of-June-2018.docx\">June 2018<\/a><\/span><\/li>\n<li><span style=\"text-decoration: underline;\"><a href=\"http:\/\/www.filosofiska.nu\/filosofiska\/wp-content\/uploads\/2018\/11\/Monthly-Progress-Report-May-2018.docx\">May 2018<\/a><\/span><\/li>\n<li><span style=\"text-decoration: underline;\"><a href=\"http:\/\/www.filosofiska.nu\/filosofiska\/wp-content\/uploads\/2018\/06\/Monthly-Progress-Report-April-2018.docx\">April 2018<\/a><\/span><\/li>\n<li><span style=\"text-decoration: underline;\"><a href=\"http:\/\/www.filosofiska.nu\/filosofiska\/wp-content\/uploads\/2018\/04\/Monthly-Progress-Report-of-February-and-March-2018.docx\">Februari &amp; mars 2018<\/a><\/span><\/li>\n<li><span style=\"text-decoration: underline;\"><a href=\"http:\/\/www.filosofiska.nu\/filosofiska\/wp-content\/uploads\/2018\/04\/Monthly-progress-Report-of-December-2017.docx\">December 2017<\/a><\/span><\/li>\n<li><span style=\"text-decoration: underline;\"><a href=\"http:\/\/www.filosofiska.nu\/filosofiska\/wp-content\/uploads\/2018\/04\/Monthly-Progress-Report-of-November-2017.docx\">November 2017<\/a><\/span><\/li>\n<li><span style=\"text-decoration: underline;\"><a href=\"http:\/\/www.filosofiska.nu\/filosofiska\/wp-content\/uploads\/2017\/11\/Monthly-Progress-Report-of-October-2017.docx\">Oktober\u00a02017<\/a><\/span><\/li>\n<li><span style=\"text-decoration: underline;\"><a href=\"http:\/\/www.filosofiska.nu\/filosofiska\/wp-content\/uploads\/2017\/10\/Monthly-Progress-Report-of-September-2017.docx\">September 2017<\/a><\/span><\/li>\n<li><span style=\"text-decoration: underline;\"><a href=\"http:\/\/www.filosofiska.nu\/filosofiska\/wp-content\/uploads\/2017\/10\/Monthly-Progress-Report-of-July-and-August-2017.docx\">July\/August 2017<\/a><\/span><\/li>\n<li><span style=\"text-decoration: underline;\"><a href=\"http:\/\/www.filosofiska.nu\/filosofiska\/wp-content\/uploads\/2017\/07\/Monthly-Progress-Report-of-June-2017-1.docx\" target=\"_blank\" rel=\"noopener\">June 2017<\/a><\/span><\/li>\n<li><span style=\"text-decoration: underline;\"><a href=\"http:\/\/www.filosofiska.nu\/filosofiska\/wp-content\/uploads\/2017\/07\/Monthly-Progress-report-of-May-2017.docx\">May 2017<\/a><\/span><\/li>\n<li><span style=\"text-decoration: underline;\"><a href=\"http:\/\/www.filosofiska.nu\/filosofiska\/wp-content\/uploads\/2017\/07\/Monthly-Progress-Report-of-March-and-April-2017.docx\" target=\"_blank\" rel=\"noopener\">March\/April 2017<\/a><\/span><\/li>\n<li><span style=\"text-decoration: underline;\"><a href=\"http:\/\/www.filosofiska.nu\/filosofiska\/wp-content\/uploads\/2017\/03\/Monthly-progress-report-of-February-2017.docx\" target=\"_blank\" rel=\"noopener\">February 2017<\/a><\/span><\/li>\n<li><span style=\"text-decoration: underline;\"><a href=\"http:\/\/www.filosofiska.nu\/filosofiska\/wp-content\/uploads\/2017\/03\/Monthly-Progress-Report-of-January-2017.docx\" target=\"_blank\" rel=\"noopener\">January 2017<\/a><\/span><\/li>\n<li><span style=\"text-decoration: underline;\"><a href=\"http:\/\/www.filosofiska.nu\/filosofiska\/wp-content\/uploads\/2017\/03\/monthly-progress-report-of-September-and-October-2016.docx\" target=\"_blank\" rel=\"noopener\">September\/October 2016<\/a><\/span><\/li>\n<li><span style=\"text-decoration: underline;\"><a href=\"http:\/\/www.filosofiska.nu\/filosofiska\/wp-content\/uploads\/2016\/12\/Monthly-Progress-Report-of-August-2016.docx\">August 2016<\/a><\/span><\/li>\n<li><span style=\"text-decoration: underline;\"><a href=\"http:\/\/www.filosofiska.nu\/filosofiska\/wp-content\/uploads\/2016\/08\/Monthly-Progress-Report-of-July-2016.docx\">July 2016<\/a><\/span><\/li>\n<li><span style=\"text-decoration: underline;\"><a href=\"ttp:\/\/www.filosofiska.nu\/filosofiska\/wp-content\/uploads\/2016\/08\/monthly-progress-report-of-june-2016.docx\">June 2016<\/a><\/span><\/li>\n<li><span style=\"text-decoration: underline;\"><a href=\"http:\/\/www.filosofiska.nu\/filosofiska\/wp-content\/uploads\/2016\/08\/monthly-progress-report-of-may-2016-2.docx\">May &#8211; 2016<\/a><\/span><\/li>\n<li><span style=\"text-decoration: underline;\"><a href=\"http:\/\/www.filosofiska.nu\/filosofiska\/wp-content\/uploads\/2016\/08\/monthly-progress-report-april-2016-1.docx\">April 2016<\/a><\/span><\/li>\n<li><span style=\"text-decoration: underline;\"><a href=\"http:\/\/www.filosofiska.nu\/filosofiska\/wp-content\/uploads\/2016\/04\/monthly-progress-report-of-march-2016.docx\">March &#8211; 2016<\/a><\/span><\/li>\n<li><span style=\"text-decoration: underline;\"><a href=\"http:\/\/www.filosofiska.nu\/filosofiska\/wp-content\/uploads\/2016\/04\/Monthly-Progress-report-of-February-2016-1-1.pdf\">February &#8211; 2016<\/a><\/span><\/li>\n<li><span style=\"text-decoration: underline;\"><a href=\"http:\/\/www.filosofiska.nu\/filosofiska\/wp-content\/uploads\/2016\/03\/Monthly-Progress-January-2016.pdf\">January &#8211; 2016<\/a><\/span><\/li>\n<li><span style=\"text-decoration: underline;\"><a href=\"http:\/\/www.filosofiska.nu\/filosofiska\/wp-content\/uploads\/2016\/03\/Monthly-Progress-Report-December-2015.pdf\">December &#8211; 2015<\/a><\/span><\/li>\n<li><span style=\"text-decoration: underline;\"><a href=\"http:\/\/www.filosofiska.nu\/filosofiska\/wp-content\/uploads\/2016\/01\/Monthly-progress-Report-of-November-2015.pdf\">November &#8211; 2015<\/a><\/span><\/li>\n<li><span style=\"text-decoration: underline;\"><a href=\"http:\/\/www.filosofiska.nu\/filosofiska\/wp-content\/uploads\/2015\/11\/Monthly-progress-Report-of-October-2015.pdf\">October &#8211; 2015<\/a><\/span><\/li>\n<li><span style=\"text-decoration: underline;\"><a href=\"http:\/\/www.filosofiska.nu\/filosofiska\/wp-content\/uploads\/2015\/09\/Monthly-Progress-Report-of-August-2015.pdf\">August\/September &#8211; 2015<\/a><\/span><\/li>\n<li><span style=\"text-decoration: underline;\"><a href=\"http:\/\/www.filosofiska.nu\/filosofiska\/wp-content\/uploads\/2015\/09\/Monthly-Progress-Report-of-July2015.pdf\">July &#8211; 2015<\/a><\/span><\/li>\n<li><span style=\"text-decoration: underline;\"><a href=\"http:\/\/www.filosofiska.nu\/filosofiska\/wp-content\/uploads\/2014\/06\/Monthly-Progress-Report-of-June-2015.pdf\" target=\"_blank\" rel=\"noopener\">June &#8211; 2015<\/a><\/span><\/li>\n<li><span style=\"text-decoration: underline;\"><a href=\"http:\/\/www.filosofiska.nu\/filosofiska\/wp-content\/uploads\/2014\/06\/Monthly-Progress-Report-of-February-and-March-2015.pdf\">Februari\/March &#8211; 2015<\/a><\/span><\/li>\n<li><a href=\"http:\/\/www.filosofiska.nu\/filosofiska\/wp-content\/uploads\/2015\/01\/Monthly-Progress-Report-of-December.pdf\"><span style=\"text-decoration: underline;\">December\u00a0&#8211; 2014<\/span><\/a><\/li>\n<li><a href=\"http:\/\/www.filosofiska.nu\/filosofiska\/wp-content\/uploads\/2014\/12\/Monthly-progress-Report-of-November.pdf\"><span style=\"text-decoration: underline;\">November\u00a0&#8211; 2014<\/span><\/a><\/li>\n<li><span style=\"text-decoration: underline;\"><a title=\"Filosofiska Nepal\" href=\"http:\/\/www.filosofiska.nu\/filosofiska\/wp-content\/uploads\/2014\/11\/Monthly-progress-Report-of-Octobe1-1.pdf\" target=\"_blank\" rel=\"noopener\">October &#8211; 2014<\/a><\/span><\/li>\n<li><span style=\"text-decoration: underline;\"><a title=\"Filosofiska Nepal\" href=\"http:\/\/www.filosofiska.nu\/filosofiska\/wp-content\/uploads\/2014\/11\/Monthly-progress-report-of-Augustseptember-1.pdf\" target=\"_blank\" rel=\"noopener\">August\/September\u00a0&#8211; 2014<\/a><\/span><\/li>\n<li><span style=\"text-decoration: underline;\"><a href=\"http:\/\/www.filosofiska.nu\/filosofiska\/wp-content\/uploads\/2014\/08\/Activity-Report-July-2014.pdf\" target=\"_blank\" rel=\"noopener\">July &#8211; 2014<\/a><\/span><\/li>\n<li><span style=\"text-decoration: underline;\"><a href=\"http:\/\/www.filosofiska.nu\/filosofiska\/wp-content\/uploads\/2014\/07\/Monthly-Report-of-june2014.pdf\" target=\"_blank\" rel=\"noopener\">June &#8211; 2014<\/a><\/span><\/li>\n<li><a href=\"http:\/\/www.filosofiska.nu\/filosofiska\/wp-content\/uploads\/2014\/06\/Activity-Report-Nepal-March-2014.pdf\"><span style=\"text-decoration: underline;\">March &#8211; 2014<\/span><\/a><\/li>\n<li><span style=\"text-decoration: underline;\"><a href=\"http:\/\/www.filosofiska.nu\/filosofiska\/wp-content\/uploads\/2014\/06\/Activity-Report-Nepal-January-February-2014.pdf\">January\/February &#8211; 2014<\/a><\/span><\/li>\n<li><span style=\"text-decoration: underline;\"><a href=\"http:\/\/www.filosofiska.nu\/filosofiska\/wp-content\/uploads\/2014\/06\/Activity-Report-November-December-2013.pdf\">November\/December &#8211; 2013<\/a><\/span><\/li>\n<li><span style=\"text-decoration: underline;\"><a href=\"http:\/\/www.filosofiska.nu\/filosofiska\/wp-content\/uploads\/2014\/06\/Activity-Report-September-October.pdf\">September\/Oktober &#8211; 2013 <\/a><\/span><\/li>\n<li><span style=\"text-decoration: underline;\"><a href=\"http:\/\/www.filosofiska.nu\/filosofiska\/wp-content\/uploads\/2014\/06\/Activity-Report-August-2013.pdf\">August &#8211; 2013<\/a><\/span><\/li>\n<li><span style=\"text-decoration: underline;\"><a href=\"http:\/\/www.filosofiska.nu\/filosofiska\/wp-content\/uploads\/2014\/06\/Activity-report-for-the-month-of-July-2013.pdf\">July &#8211; 2013<\/a><\/span><\/li>\n<li><span style=\"text-decoration: underline;\"><a href=\"http:\/\/www.filosofiska.nu\/filosofiska\/wp-content\/uploads\/2014\/06\/Activity-Report-for-the-month-of-June-2013.pdf\">June &#8211; 2013<\/a><\/span><\/li>\n<li><span style=\"text-decoration: underline;\"><a href=\"http:\/\/www.filosofiska.nu\/filosofiska\/wp-content\/uploads\/2014\/06\/Activity-Report-for-the-month-of-May-2013-1.pdf\">May &#8211; 2013<\/a><\/span><\/li>\n<\/ul>\n<h1 style=\"text-align: center;\">Donationer\/Fadderskap<\/h1>\n<p style=\"text-align: center;\"><div class=\"clearboth\"><\/div><div class=\"demo-sep sep-double\" style=\"margin-top:0px;margin-bottom:40px;\"><\/div>\n<p>F\u00f6r ett m\u00e5natligt belopp p\u00e5 250 kronor kan du bli fadder f\u00f6r ett barn i Nepal och r\u00e4dda det fr\u00e5n en mycket utsatt tillvaro p\u00e5 gatan till skolan som Filosofiska tagit initiativet till att starta. I dagsl\u00e4get hj\u00e4lper vi ca 60 barn. Vill du bli fadder meddelar du detta via ett mejl till dick.holmgren@filosofiska.nu. Om du inte vill bli fadder kanske du vill donera ett belopp. Vi har inga mellanh\u00e4nder och inga administrativa avgifter. Alla pengar som sk\u00e4nks anv\u00e4nds oavkortat f\u00f6r att hj\u00e4lpa barnen. Pengarna s\u00e4tts in p\u00e5 donationskonto 5374 10 369 27. Det g\u00e5r ocks\u00e5 att swisha till nummer 1234672259 eller s\u00e4tta in pengar p\u00e5 Bg 174-1388. F\u00f6r st\u00e5ende m\u00e5natliga \u00f6verf\u00f6ringar anv\u00e4nd donationskontot.<\/p>\n","protected":false},"excerpt":{"rendered":"<p>Nepal I b\u00f6rjan av 2013 tog vi initiativet till en f\u00f6rskola\/skola i Nepal. Skolan fick namnet Filosofiska Nepal och den drivs organisatoriskt av en nepalesisk styrelse. P\u00e5 skolan g\u00e5r ca 60 barn fr\u00e5n mycket utsatta f\u00f6rh\u00e5llanden, vilka fullt ut finansieras av Filosofiska eller genom Filosofiskas fadderverksamhet. Ambitionen \u00e4r att vi ska ha ett utbyte mellan [&hellip;]<\/p>\n","protected":false},"author":1,"featured_media":0,"parent":0,"menu_order":0,"comment_status":"closed","ping_status":"open","template":"","meta":{"footnotes":""},"class_list":["post-5646","page","type-page","status-publish","hentry"],"_links":{"self":[{"href":"http:\/\/www.filosofiska.nu\/filosofiska\/wp-json\/wp\/v2\/pages\/5646","targetHints":{"allow":["GET"]}}],"collection":[{"href":"http:\/\/www.filosofiska.nu\/filosofiska\/wp-json\/wp\/v2\/pages"}],"about":[{"href":"http:\/\/www.filosofiska.nu\/filosofiska\/wp-json\/wp\/v2\/types\/page"}],"author":[{"embeddable":true,"href":"http:\/\/www.filosofiska.nu\/filosofiska\/wp-json\/wp\/v2\/users\/1"}],"replies":[{"embeddable":true,"href":"http:\/\/www.filosofiska.nu\/filosofiska\/wp-json\/wp\/v2\/comments?post=5646"}],"version-history":[{"count":89,"href":"http:\/\/www.filosofiska.nu\/filosofiska\/wp-json\/wp\/v2\/pages\/5646\/revisions"}],"predecessor-version":[{"id":9240,"href":"http:\/\/www.filosofiska.nu\/filosofiska\/wp-json\/wp\/v2\/pages\/5646\/revisions\/9240"}],"wp:attachment":[{"href":"http:\/\/www.filosofiska.nu\/filosofiska\/wp-json\/wp\/v2\/media?parent=5646"}],"curies":[{"name":"wp","href":"https:\/\/api.w.org\/{rel}","templated":true}]}}