{"id":5737,"date":"2014-06-12T10:58:30","date_gmt":"2014-06-12T08:58:30","guid":{"rendered":"http:\/\/filosofiska.websign.se\/?page_id=21"},"modified":"2026-02-16T16:47:21","modified_gmt":"2026-02-16T15:47:21","slug":"hem","status":"publish","type":"page","link":"http:\/\/www.filosofiska.nu\/filosofiska\/","title":{"rendered":"Hem"},"content":{"rendered":"<p><strong>Ans\u00f6kan om plats<\/strong><br \/>\nSt\u00e4ll er i v\u00e5r interna k\u00f6 genom att skicka in blankett som finns i l\u00e4nken nedan.<br \/>\nViktigt \u00e4r att g\u00f6ra skolvalet via Stockholm Stad, b\u00e5de vad g\u00e4ller f\u00f6rskoleklass och andra \u00e5rskurser inf\u00f6r l\u00e4s\u00e5ret 26\/27.<\/p>\n<p>V\u00e4lkommen med er ans\u00f6kan!<\/p>\n<h1 style=\"text-align: left;\"><a href=\"http:\/\/www.filosofiska.nu\/filosofiska\/skola\/dokument\/\">Ans\u00f6k h\u00e4r!<\/a><\/h1>\n<hr \/>\n<h1 style=\"text-align: left;\">Filosofiskas utg\u00e5ngspunkt<\/h1>\n<p>F\u00f6rskolor och skolor har ett tydligt uppdrag att bidra till en socialt, ekonomiskt och ekologiskt h\u00e5llbar utveckling. Uppdraget formuleras i nationella styrdokument som skollag, l\u00e4roplaner och kursplaner samt barnkonventionen.<\/p>\n<p>Hela Filosofiskas uppl\u00e4gg med en vision som tar fasta p\u00e5 barnens bildning, i bem\u00e4rkelsen inre karakt\u00e4rsm\u00e4ssiga utveckling, bygger p\u00e5 ett h\u00e5llbarhetst\u00e4nkande. Samh\u00e4llet beh\u00f6ver m\u00e4nniskor som \u00e4r reflekterande, empatiska, omd\u00f6mesgilla, handlingskraftiga och kunskapst\u00f6rstande. Allt vi g\u00f6r p\u00e5 Filosofiska har sin utg\u00e5ngspunkt i visionen.<\/p>\n","protected":false},"excerpt":{"rendered":"<p>Ans\u00f6kan om plats St\u00e4ll er i v\u00e5r interna k\u00f6 genom att skicka in blankett som finns i l\u00e4nken nedan. Viktigt \u00e4r att g\u00f6ra skolvalet via Stockholm Stad, b\u00e5de vad g\u00e4ller f\u00f6rskoleklass och andra \u00e5rskurser inf\u00f6r l\u00e4s\u00e5ret 26\/27. V\u00e4lkommen med er ans\u00f6kan! Ans\u00f6k h\u00e4r! Filosofiskas utg\u00e5ngspunkt F\u00f6rskolor och skolor har ett tydligt uppdrag att bidra till [&hellip;]<\/p>\n","protected":false},"author":1,"featured_media":0,"parent":0,"menu_order":0,"comment_status":"closed","ping_status":"open","template":"","meta":{"footnotes":""},"class_list":["post-5737","page","type-page","status-publish","hentry"],"_links":{"self":[{"href":"http:\/\/www.filosofiska.nu\/filosofiska\/wp-json\/wp\/v2\/pages\/5737","targetHints":{"allow":["GET"]}}],"collection":[{"href":"http:\/\/www.filosofiska.nu\/filosofiska\/wp-json\/wp\/v2\/pages"}],"about":[{"href":"http:\/\/www.filosofiska.nu\/filosofiska\/wp-json\/wp\/v2\/types\/page"}],"author":[{"embeddable":true,"href":"http:\/\/www.filosofiska.nu\/filosofiska\/wp-json\/wp\/v2\/users\/1"}],"replies":[{"embeddable":true,"href":"http:\/\/www.filosofiska.nu\/filosofiska\/wp-json\/wp\/v2\/comments?post=5737"}],"version-history":[{"count":153,"href":"http:\/\/www.filosofiska.nu\/filosofiska\/wp-json\/wp\/v2\/pages\/5737\/revisions"}],"predecessor-version":[{"id":9406,"href":"http:\/\/www.filosofiska.nu\/filosofiska\/wp-json\/wp\/v2\/pages\/5737\/revisions\/9406"}],"wp:attachment":[{"href":"http:\/\/www.filosofiska.nu\/filosofiska\/wp-json\/wp\/v2\/media?parent=5737"}],"curies":[{"name":"wp","href":"https:\/\/api.w.org\/{rel}","templated":true}]}}